{"id":175,"date":"2024-08-30T09:55:17","date_gmt":"2024-08-30T09:55:17","guid":{"rendered":"http:\/\/localhost\/wordpress\/?page_id=175"},"modified":"2024-08-30T10:03:14","modified_gmt":"2024-08-30T10:03:14","slug":"uber-mich","status":"publish","type":"page","link":"https:\/\/waibel-vis.torwic.com\/index.php\/uber-mich\/","title":{"rendered":"\u00fcber mich"},"content":{"rendered":"\n<p>Mein Name ist Simon Waibel. Mit 14 Jahren \u00f6ffnete ich das erste Mal das Visualisierungs- und Animationsprogramm Blender und war sofort in seinen Bann gezogen. \u00dcber die Jahre sammelte ich eine Menge Wissen und Erfahrung was es mir heute erm\u00f6glicht, photorealistische Visualisierungen und Animationen zu machen.<\/p>\n","protected":false},"excerpt":{"rendered":"<p>Mein Name ist Simon Waibel. Mit 14 Jahren \u00f6ffnete ich das erste Mal das Visualisierungs- und Animationsprogramm Blender und war sofort in seinen Bann gezogen. \u00dcber die Jahre sammelte ich eine Menge Wissen und Erfahrung was es mir heute erm\u00f6glicht, photorealistische Visualisierungen und Animationen zu machen.<\/p>\n","protected":false},"author":1,"featured_media":0,"parent":0,"menu_order":0,"comment_status":"closed","ping_status":"closed","template":"uber-mich","meta":{"footnotes":""},"class_list":["post-175","page","type-page","status-publish","hentry"],"_links":{"self":[{"href":"https:\/\/waibel-vis.torwic.com\/index.php\/wp-json\/wp\/v2\/pages\/175","targetHints":{"allow":["GET"]}}],"collection":[{"href":"https:\/\/waibel-vis.torwic.com\/index.php\/wp-json\/wp\/v2\/pages"}],"about":[{"href":"https:\/\/waibel-vis.torwic.com\/index.php\/wp-json\/wp\/v2\/types\/page"}],"author":[{"embeddable":true,"href":"https:\/\/waibel-vis.torwic.com\/index.php\/wp-json\/wp\/v2\/users\/1"}],"replies":[{"embeddable":true,"href":"https:\/\/waibel-vis.torwic.com\/index.php\/wp-json\/wp\/v2\/comments?post=175"}],"version-history":[{"count":1,"href":"https:\/\/waibel-vis.torwic.com\/index.php\/wp-json\/wp\/v2\/pages\/175\/revisions"}],"predecessor-version":[{"id":176,"href":"https:\/\/waibel-vis.torwic.com\/index.php\/wp-json\/wp\/v2\/pages\/175\/revisions\/176"}],"wp:attachment":[{"href":"https:\/\/waibel-vis.torwic.com\/index.php\/wp-json\/wp\/v2\/media?parent=175"}],"curies":[{"name":"wp","href":"https:\/\/api.w.org\/{rel}","templated":true}]}}